{"id":15,"date":"2024-05-31T09:42:07","date_gmt":"2024-05-31T07:42:07","guid":{"rendered":"http:\/\/192.168.200.103:8080\/?page_id=15"},"modified":"2024-06-17T17:20:50","modified_gmt":"2024-06-17T15:20:50","slug":"contact","status":"publish","type":"page","link":"https:\/\/dystopie.art\/?page_id=15","title":{"rendered":"Contact"},"content":{"rendered":"\n<h3 class=\"wp-block-heading\">Entrer en contact avec Fran\u00e7ois Roulet<\/h3>\n\n\n\n<p>Merci de votre int\u00e9r\u00eat pour les \u0153uvres de Fran\u00e7ois Roulet. Si vous avez des questions, des commentaires ou souhaitez en savoir plus sur ses tableaux, n&rsquo;h\u00e9sitez pas \u00e0 nous contacter. Nous serons ravis de vous r\u00e9pondre.<\/p>\n\n\n\n<h4 class=\"wp-block-heading\">Par email<\/h4>\n\n\n\n<p>Vous pouvez envoyer un email \u00e0 Fran\u00e7ois Roulet \u00e0 l&rsquo;adresse suivante :<br><a>contact@example.com<\/a><\/p>\n\n\n\n<h4 class=\"wp-block-heading\">Expositions et \u00e9v\u00e9nements<\/h4>\n\n\n\n<p>Fran\u00e7ois Roulet participe r\u00e9guli\u00e8rement \u00e0 des expositions et \u00e9v\u00e9nements artistiques. Si vous souhaitez \u00eatre inform\u00e9 de ses prochaines expositions, ou si vous \u00eates int\u00e9ress\u00e9 par l&rsquo;organisation d&rsquo;une exposition de ses \u0153uvres, veuillez nous contacter. Nous serons heureux de discuter des d\u00e9tails avec vous.<\/p>\n\n\n\n<figure class=\"wp-block-image size-full\"><img loading=\"lazy\" decoding=\"async\" width=\"2560\" height=\"1440\" src=\"https:\/\/art.wedelia.ch\/wp-content\/uploads\/2024\/06\/DSC02020-scaled.jpg\" alt=\"\" class=\"wp-image-68\" srcset=\"https:\/\/dystopie.art\/wp-content\/uploads\/2024\/06\/DSC02020-scaled.jpg 2560w, https:\/\/dystopie.art\/wp-content\/uploads\/2024\/06\/DSC02020-768x432.jpg 768w, https:\/\/dystopie.art\/wp-content\/uploads\/2024\/06\/DSC02020-1536x864.jpg 1536w, https:\/\/dystopie.art\/wp-content\/uploads\/2024\/06\/DSC02020-2048x1152.jpg 2048w, https:\/\/dystopie.art\/wp-content\/uploads\/2024\/06\/DSC02020-1240x698.jpg 1240w, https:\/\/dystopie.art\/wp-content\/uploads\/2024\/06\/DSC02020-508x286.jpg 508w\" sizes=\"auto, (max-width: 2560px) 100vw, 2560px\" \/><\/figure>\n","protected":false},"excerpt":{"rendered":"<p>Entrer en contact avec Fran\u00e7ois Roulet Merci de votre int\u00e9r\u00eat pour les \u0153uvres de Fran\u00e7ois Roulet. Si vous avez des questions, des commentaires ou souhaitez en savoir plus sur ses tableaux, n&rsquo;h\u00e9sitez pas \u00e0 nous contacter. Nous serons ravis de vous r\u00e9pondre. Par email Vous pouvez envoyer un email \u00e0 Fran\u00e7ois Roulet \u00e0 l&rsquo;adresse suivante [&hellip;]<\/p>\n","protected":false},"author":1,"featured_media":0,"parent":0,"menu_order":0,"comment_status":"closed","ping_status":"closed","template":"","meta":{"footnotes":""},"class_list":["post-15","page","type-page","status-publish","hentry"],"_links":{"self":[{"href":"https:\/\/dystopie.art\/index.php?rest_route=\/wp\/v2\/pages\/15","targetHints":{"allow":["GET"]}}],"collection":[{"href":"https:\/\/dystopie.art\/index.php?rest_route=\/wp\/v2\/pages"}],"about":[{"href":"https:\/\/dystopie.art\/index.php?rest_route=\/wp\/v2\/types\/page"}],"author":[{"embeddable":true,"href":"https:\/\/dystopie.art\/index.php?rest_route=\/wp\/v2\/users\/1"}],"replies":[{"embeddable":true,"href":"https:\/\/dystopie.art\/index.php?rest_route=%2Fwp%2Fv2%2Fcomments&post=15"}],"version-history":[{"count":3,"href":"https:\/\/dystopie.art\/index.php?rest_route=\/wp\/v2\/pages\/15\/revisions"}],"predecessor-version":[{"id":69,"href":"https:\/\/dystopie.art\/index.php?rest_route=\/wp\/v2\/pages\/15\/revisions\/69"}],"wp:attachment":[{"href":"https:\/\/dystopie.art\/index.php?rest_route=%2Fwp%2Fv2%2Fmedia&parent=15"}],"curies":[{"name":"wp","href":"https:\/\/api.w.org\/{rel}","templated":true}]}}